{"id":2975,"date":"2021-09-08T09:05:16","date_gmt":"2021-09-08T09:05:16","guid":{"rendered":"http:\/\/aschekies.anhalt.gmbh\/?page_id=2975"},"modified":"2021-09-09T14:39:05","modified_gmt":"2021-09-09T14:39:05","slug":"aschekies-service","status":"publish","type":"page","link":"https:\/\/aschekies.de\/?page_id=2975","title":{"rendered":"aschekies.de &#8211; Service"},"content":{"rendered":"<p>[et_pb_section fb_built=&#8220;1&#8243; inner_shadow=&#8220;on&#8220; fullwidth=&#8220;on&#8220; custom_padding_last_edited=&#8220;on|desktop&#8220; admin_label=&#8220;section&#8220; _builder_version=&#8220;4.9.4&#8243; background_color=&#8220;#E02B20&#8243; custom_padding_tablet=&#8220;50px|0|50px|0&#8243; custom_padding_phone=&#8220;&#8220; transparent_background=&#8220;off&#8220; padding_mobile=&#8220;off&#8220; make_fullwidth=&#8220;off&#8220; use_custom_width=&#8220;off&#8220; width_unit=&#8220;on&#8220;][et_pb_fullwidth_header title=&#8220;Dienstleistungen Rund um Ihre Immobilie.&#8220; content_max_width=&#8220;none&#8220; admin_label=&#8220;Vollbreite Kopfzeile&#8220; _builder_version=&#8220;4.9.4&#8243; background_color=&#8220;#0e3d88&#8243; button_one_letter_spacing_hover=&#8220;0&#8243; button_two_letter_spacing_hover=&#8220;0&#8243; button_one_text_size__hover_enabled=&#8220;off&#8220; button_two_text_size__hover_enabled=&#8220;off&#8220; button_one_text_color__hover_enabled=&#8220;off&#8220; button_two_text_color__hover_enabled=&#8220;off&#8220; button_one_border_width__hover_enabled=&#8220;off&#8220; button_two_border_width__hover_enabled=&#8220;off&#8220; button_one_border_color__hover_enabled=&#8220;off&#8220; button_two_border_color__hover_enabled=&#8220;off&#8220; button_one_border_radius__hover_enabled=&#8220;off&#8220; button_two_border_radius__hover_enabled=&#8220;off&#8220; button_one_letter_spacing__hover_enabled=&#8220;on&#8220; button_one_letter_spacing__hover=&#8220;0&#8243; button_two_letter_spacing__hover_enabled=&#8220;on&#8220; button_two_letter_spacing__hover=&#8220;0&#8243; button_one_bg_color__hover_enabled=&#8220;off&#8220; button_two_bg_color__hover_enabled=&#8220;off&#8220;][\/et_pb_fullwidth_header][\/et_pb_section][et_pb_section fb_built=&#8220;1&#8243; admin_label=&#8220;section&#8220; _builder_version=&#8220;3.22&#8243;][et_pb_row _builder_version=&#8220;4.9.4&#8243; _module_preset=&#8220;default&#8220;][et_pb_column type=&#8220;4_4&#8243; _builder_version=&#8220;4.9.4&#8243; _module_preset=&#8220;default&#8220;][et_pb_text _builder_version=&#8220;4.9.4&#8243; _module_preset=&#8220;default&#8220; custom_padding=&#8220;||0px|||&#8220;]<\/p>\n<p class=\"p1\"><span class=\"s1\"><b>Wir bieten Ihnen einen individuellen\u00a0Rundumservice f\u00fcr alle T\u00e4tigkeiten Ihrer Immobilie. Sollten Dienstleistungen, die Sie erwarten nicht aufgelistet sein, kontaktieren Sie uns f\u00fcr ein Leistungsverzeichnis nach Ihren W\u00fcnschen.<\/b><span class=\"Apple-converted-space\">\u00a0<\/span><\/span><\/p>\n<p class=\"p2\"><span class=\"s1\"><\/span><\/p>\n<p class=\"p3\"><span class=\"s1\"><b>Haustechnik<\/b><span class=\"Apple-converted-space\">\u00a0<\/span><\/span><\/p>\n<ul>\n<li class=\"li4\"><span class=\"s1\">Allgemeine und Intervall Kontrolle des einwandfreien Gesamtzustandes des Objektes.<\/span><span class=\"s2\"><span class=\"Apple-converted-space\">\u00a0<\/span><\/span><\/li>\n<li class=\"li3\"><span class=\"s1\">Visuelle und funktionelle Pr\u00fcfung der gesamten haustechnischen Einrichtungen im Objekt.<span class=\"Apple-converted-space\">\u00a0<\/span><\/span><\/li>\n<li class=\"li3\"><span class=\"s1\">\u00dcberpr\u00fcfung der elektrischen Einrichtungen.<\/span><\/li>\n<li class=\"li3\"><span class=\"s1\">\u00dcberpr\u00fcfung der mechanischen Einrichtungen.<span class=\"Apple-converted-space\">\u00a0<\/span><\/span><\/li>\n<li class=\"li4\"><span class=\"s1\">Durchf\u00fchrung von kleinen Reparaturen und Wartungsarbeiten.<\/span><\/li>\n<li class=\"li4\"><span class=\"s1\">\u00dcberpr\u00fcfung und Koordination beauftragter Fremdfirmen\/Dienstleister.<\/span><span class=\"s2\"><span class=\"Apple-converted-space\">\u00a0<\/span><\/span><\/li>\n<li class=\"li4\"><span class=\"s1\">\u00dcberpr\u00fcfung des gesamten Sanit\u00e4ren Bereichs.<\/span><span class=\"s2\"><span class=\"Apple-converted-space\">\u00a0<\/span><\/span><\/li>\n<li class=\"li3\"><span class=\"s1\">\u00dcberpr\u00fcfung der zum Anwesen geh\u00f6renden Regen-, Fall- und Grundleitungen auf Verstopfung. Reinigung der Schlammeimer, Fangk\u00f6rbe und Siebe- soweit erreichbar<span class=\"Apple-converted-space\">\u00a0<\/span><\/span><\/li>\n<li class=\"li4\"><span class=\"s1\">Notdienst an 365 Tagen im Jahr.<\/span><span class=\"s2\"><span class=\"Apple-converted-space\">\u00a0<\/span><\/span><\/li>\n<\/ul>\n<p><span class=\"s2\"><span class=\"Apple-converted-space\"><\/span><\/span><\/p>\n<p><span class=\"s2\"><span class=\"Apple-converted-space\"><\/span><\/span><\/p>\n<p class=\"p1\"><span class=\"s1\"><b>Gartenpflege \/ Au\u00dfenbereich<\/b><\/span><span class=\"s2\"><span class=\"Apple-converted-space\">\u00a0<\/span><\/span><\/p>\n<ul>\n<li class=\"li2\"><span class=\"s1\">Rasen m\u00e4hen.<\/span><\/li>\n<li class=\"li2\"><span class=\"s1\">Unkrautentfernung.<span class=\"Apple-converted-space\">\u00a0<\/span><\/span><\/li>\n<li class=\"li2\"><span class=\"s1\">Hecken- und Baumschnitt.<span class=\"Apple-converted-space\">\u00a0<\/span><\/span><\/li>\n<li class=\"li2\"><span class=\"s1\">Laubentfernung.<\/span><\/li>\n<li class=\"li2\"><span class=\"s1\">Entsorgung aller Gr\u00fcnschnittabf\u00e4lle.<span class=\"Apple-converted-space\">\u00a0<\/span><\/span><\/li>\n<li class=\"li2\"><span class=\"s1\">Sichtkontrolle der Gr\u00fcnanlage.<span class=\"Apple-converted-space\">\u00a0<\/span><\/span><\/li>\n<li class=\"li2\"><span class=\"s1\">Reinigung von Gehwegen, Zufahrten und Parkpl\u00e4tzen.<\/span><\/li>\n<li class=\"li2\"><span class=\"s1\">Wohnanlagenau\u00dfenreinigung (Kehrdienst, Unrat etc.)<span class=\"Apple-converted-space\">\u00a0<\/span><\/span><\/li>\n<li class=\"li2\"><span class=\"s1\">Spielplatzanlage und Sandk\u00e4sten sauber und Unkraut freihalten.<\/span><\/li>\n<\/ul>\n<p class=\"p3\"><span class=\"s1\"><\/span><\/p>\n<p class=\"p2\"><span class=\"s1\"><b>Reinigung<\/b><span class=\"Apple-converted-space\">\u00a0<\/span><\/span><\/p>\n<ul>\n<li class=\"li2\"><span class=\"s1\">Treppenhaus- und Flurreinigung.<span class=\"Apple-converted-space\">\u00a0<\/span><\/span><\/li>\n<li class=\"li2\"><span class=\"s1\">Glasreinigung.<\/span><\/li>\n<li class=\"li2\"><span class=\"s1\">Vordach Reinigung.<span class=\"Apple-converted-space\">\u00a0<\/span><\/span><\/li>\n<li class=\"li2\"><span class=\"s1\">Technische R\u00e4ume staubfrei reinigen.<\/span><span class=\"s1\"><\/span><span class=\"s1\"><\/span><\/li>\n<\/ul>\n<p><span class=\"s1\"><\/span><\/p>\n<p><span class=\"s1\"><\/span><\/p>\n<p><span class=\"s1\"><\/span><\/p>\n<p class=\"p1\"><span class=\"s1\"><b>M\u00fcllbereitstellung<\/b><\/span><span class=\"s2\"><span class=\"Apple-converted-space\">\u00a0<\/span><\/span><\/p>\n<ul>\n<li class=\"li2\"><span class=\"s1\">Kontrolle der M\u00fclltonnen auf Falsch Bef\u00fcllung.<span class=\"Apple-converted-space\">\u00a0<\/span><\/span><\/li>\n<li class=\"li2\"><span class=\"s1\">Sortierung des Abfalls nach Falsch Bef\u00fcllung.<span class=\"Apple-converted-space\">\u00a0<\/span><\/span><\/li>\n<li class=\"li2\"><span class=\"s1\">Bereitstellung der M\u00fclltonnen gem\u00e4\u00df Abfallkalender der Gemeinde.<\/span><\/li>\n<li class=\"li2\"><span class=\"s1\">Zur\u00fcckstellung der M\u00fclltonnen nach erfolgter Leerung.<span class=\"Apple-converted-space\">\u00a0<\/span><\/span><\/li>\n<\/ul>\n<p><span class=\"s1\"><span class=\"Apple-converted-space\"><\/span><\/span><\/p>\n<p><span class=\"s1\"><span class=\"Apple-converted-space\"><\/span><\/span><\/p>\n<p><span class=\"s1\"><span class=\"Apple-converted-space\"><\/span><\/span><\/p>\n<p class=\"p1\"><span class=\"s1\"><b>Winterdienst<\/b><\/span><span class=\"s2\"><span class=\"Apple-converted-space\">\u00a0<\/span><\/span><\/p>\n<ul>\n<li class=\"li2\"><span class=\"s1\">R\u00e4umung des Schnees nach den derzeit g\u00fcltigen Bestimmungen der Gemeinde.<span class=\"Apple-converted-space\">\u00a0<\/span><\/span><\/li>\n<li class=\"li2\"><span class=\"s1\">Streuen der Verkehrsfl\u00e4chen\/Gehwege zur Vermeidung von Schnee- und Eisgl\u00e4tte.<span class=\"Apple-converted-space\">\u00a0<\/span><\/span><\/li>\n<\/ul>\n<p><span class=\"s1\"><span class=\"Apple-converted-space\"><\/span><\/span><\/p>\n<p><span class=\"s1\"><span class=\"Apple-converted-space\"><\/span><\/span><\/p>\n<p class=\"p3\"><span class=\"s1\"><\/span><\/p>\n<p class=\"p1\"><span class=\"s1\"><b>Diverse T\u00e4tigkeiten<\/b><\/span><span class=\"s2\"><span class=\"Apple-converted-space\">\u00a0<\/span><\/span><\/p>\n<ul>\n<li class=\"li2\"><span class=\"s1\">Entr\u00fcmpelung von Wohnungen, R\u00e4umen oder Freifl\u00e4chen.<\/span><\/li>\n<li class=\"li2\"><span class=\"s1\">Renovierungsarbeiten.<span class=\"Apple-converted-space\">\u00a0<\/span><\/span><\/li>\n<li class=\"li2\"><span class=\"s1\">Reparaturen zur Instandhaltung Ihrer Immobilie.<span class=\"Apple-converted-space\">\u00a0<\/span><\/span><\/li>\n<li class=\"li2\"><span class=\"s1\">Baumschnitt und Baumf\u00e4llung<span class=\"Apple-converted-space\">\u00a0<\/span><\/span><\/li>\n<li class=\"li2\"><span class=\"s1\">Dachrinnen Reinigung<\/span><\/li>\n<li class=\"li2\"><span class=\"s1\">Pflaster Ausbesserungen<\/span><\/li>\n<\/ul>\n<p>[\/et_pb_text][\/et_pb_column][\/et_pb_row][\/et_pb_section]<\/p>\n","protected":false},"excerpt":{"rendered":"<p>[et_pb_section fb_built=&#8220;1&#8243; inner_shadow=&#8220;on&#8220; fullwidth=&#8220;on&#8220; custom_padding_last_edited=&#8220;on|desktop&#8220; admin_label=&#8220;section&#8220; _builder_version=&#8220;4.9.4&#8243; background_color=&#8220;#E02B20&#8243; custom_padding_tablet=&#8220;50px|0|50px|0&#8243; custom_padding_phone=&#8220;&#8220; transparent_background=&#8220;off&#8220; padding_mobile=&#8220;off&#8220; make_fullwidth=&#8220;off&#8220; use_custom_width=&#8220;off&#8220; width_unit=&#8220;on&#8220;][et_pb_fullwidth_header title=&#8220;Dienstleistungen Rund um Ihre Immobilie.&#8220; content_max_width=&#8220;none&#8220; admin_label=&#8220;Vollbreite Kopfzeile&#8220; _builder_version=&#8220;4.9.4&#8243; background_color=&#8220;#0e3d88&#8243; button_one_letter_spacing_hover=&#8220;0&#8243; button_two_letter_spacing_hover=&#8220;0&#8243; button_one_text_size__hover_enabled=&#8220;off&#8220; button_two_text_size__hover_enabled=&#8220;off&#8220; button_one_text_color__hover_enabled=&#8220;off&#8220; button_two_text_color__hover_enabled=&#8220;off&#8220; button_one_border_width__hover_enabled=&#8220;off&#8220; button_two_border_width__hover_enabled=&#8220;off&#8220; button_one_border_color__hover_enabled=&#8220;off&#8220; button_two_border_color__hover_enabled=&#8220;off&#8220; button_one_border_radius__hover_enabled=&#8220;off&#8220; button_two_border_radius__hover_enabled=&#8220;off&#8220; button_one_letter_spacing__hover_enabled=&#8220;on&#8220; button_one_letter_spacing__hover=&#8220;0&#8243; button_two_letter_spacing__hover_enabled=&#8220;on&#8220; button_two_letter_spacing__hover=&#8220;0&#8243; button_one_bg_color__hover_enabled=&#8220;off&#8220; button_two_bg_color__hover_enabled=&#8220;off&#8220;][\/et_pb_fullwidth_header][\/et_pb_section][et_pb_section fb_built=&#8220;1&#8243; admin_label=&#8220;section&#8220; _builder_version=&#8220;3.22&#8243;][et_pb_row _builder_version=&#8220;4.9.4&#8243; _module_preset=&#8220;default&#8220;][et_pb_column type=&#8220;4_4&#8243; _builder_version=&#8220;4.9.4&#8243; _module_preset=&#8220;default&#8220;][et_pb_text _builder_version=&#8220;4.9.4&#8243; _module_preset=&#8220;default&#8220; custom_padding=&#8220;||0px|||&#8220;] Wir [&hellip;]<\/p>\n","protected":false},"author":1,"featured_media":0,"parent":0,"menu_order":0,"comment_status":"closed","ping_status":"closed","template":"","meta":{"_et_pb_use_builder":"on","_et_pb_old_content":"","_et_gb_content_width":"","footnotes":""},"class_list":["post-2975","page","type-page","status-publish","hentry"],"_links":{"self":[{"href":"https:\/\/aschekies.de\/index.php?rest_route=\/wp\/v2\/pages\/2975","targetHints":{"allow":["GET"]}}],"collection":[{"href":"https:\/\/aschekies.de\/index.php?rest_route=\/wp\/v2\/pages"}],"about":[{"href":"https:\/\/aschekies.de\/index.php?rest_route=\/wp\/v2\/types\/page"}],"author":[{"embeddable":true,"href":"https:\/\/aschekies.de\/index.php?rest_route=\/wp\/v2\/users\/1"}],"replies":[{"embeddable":true,"href":"https:\/\/aschekies.de\/index.php?rest_route=%2Fwp%2Fv2%2Fcomments&post=2975"}],"version-history":[{"count":9,"href":"https:\/\/aschekies.de\/index.php?rest_route=\/wp\/v2\/pages\/2975\/revisions"}],"predecessor-version":[{"id":3044,"href":"https:\/\/aschekies.de\/index.php?rest_route=\/wp\/v2\/pages\/2975\/revisions\/3044"}],"wp:attachment":[{"href":"https:\/\/aschekies.de\/index.php?rest_route=%2Fwp%2Fv2%2Fmedia&parent=2975"}],"curies":[{"name":"wp","href":"https:\/\/api.w.org\/{rel}","templated":true}]}}